{"id":1673,"date":"2025-02-10T19:00:33","date_gmt":"2025-02-10T19:00:33","guid":{"rendered":"https:\/\/www.tos.si\/kontakt\/"},"modified":"2026-02-26T09:27:59","modified_gmt":"2026-02-26T09:27:59","slug":"kontakt","status":"publish","type":"page","link":"https:\/\/www.tos.si\/sl\/kontakt\/","title":{"rendered":"Kontakt"},"content":{"rendered":"\n<div class=\"wp-block-group alignfull has-global-padding is-layout-constrained wp-container-core-group-is-layout-6 wp-block-group-is-layout-constrained\" style=\"margin-top:0;margin-bottom:0;padding-top:var(--wp--preset--spacing--50);padding-right:15vw;padding-bottom:var(--wp--preset--spacing--40);padding-left:15vw\">\n<div class=\"wp-block-columns alignwide is-layout-flex wp-container-core-columns-is-layout-1 wp-block-columns-is-layout-flex\">\n<div class=\"wp-block-column is-layout-flow wp-container-core-column-is-layout-1 wp-block-column-is-layout-flow\" style=\"padding-right:0vw;padding-left:0vw\">\n<h2 class=\"wp-block-heading has-text-align-left has-base-2-color has-text-color has-link-color has-novel-sans-pro-font-family has-custom-1-font-size wp-elements-3b7eb0ffe08c3af41e38944fefdfd063\" style=\"font-style:normal;font-weight:400;letter-spacing:4px;line-height:1.6;text-transform:none\">PI\u0160ITE NAM<\/h2>\n<\/div>\n<\/div>\n\n\n\n<div class=\"wp-block-columns alignwide are-vertically-aligned-top is-layout-flex wp-container-core-columns-is-layout-2 wp-block-columns-is-layout-flex\">\n<div class=\"wp-block-column is-vertically-aligned-top is-layout-flow wp-container-core-column-is-layout-2 wp-block-column-is-layout-flow\" style=\"padding-bottom:var(--wp--preset--spacing--30);flex-basis:65%\">\n<div class=\"wp-block-contact-form-7-contact-form-selector\">\n<div class=\"wpcf7 no-js\" id=\"wpcf7-f1722-o1\" lang=\"sl-SI\" dir=\"ltr\" data-wpcf7-id=\"1722\">\n<div class=\"screen-reader-response\"><p role=\"status\" aria-live=\"polite\" aria-atomic=\"true\"><\/p> <ul><\/ul><\/div>\n<form action=\"\/sl\/wp-json\/wp\/v2\/pages\/1673#wpcf7-f1722-o1\" method=\"post\" class=\"wpcf7-form init\" aria-label=\"Contact form\" novalidate=\"novalidate\" data-status=\"init\">\n<div style=\"display: none;\">\n<input type=\"hidden\" name=\"_wpcf7\" value=\"1722\" \/>\n<input type=\"hidden\" name=\"_wpcf7_version\" value=\"6.0.6\" \/>\n<input type=\"hidden\" name=\"_wpcf7_locale\" value=\"sl_SI\" \/>\n<input type=\"hidden\" name=\"_wpcf7_unit_tag\" value=\"wpcf7-f1722-o1\" \/>\n<input type=\"hidden\" name=\"_wpcf7_container_post\" value=\"0\" \/>\n<input type=\"hidden\" name=\"_wpcf7_posted_data_hash\" value=\"\" \/>\n<\/div>\n<p><span class=\"wpcf7-form-control-wrap\" data-name=\"name-surname\"><input size=\"40\" maxlength=\"400\" class=\"wpcf7-form-control wpcf7-text wpcf7-validates-as-required\" autocomplete=\"name\" aria-required=\"true\" aria-invalid=\"false\" placeholder=\"Ime in priimek*\" value=\"\" type=\"text\" name=\"name-surname\" \/><\/span>\n<\/p>\n<p><span class=\"wpcf7-form-control-wrap\" data-name=\"email\"><input size=\"40\" maxlength=\"400\" class=\"wpcf7-form-control wpcf7-email wpcf7-validates-as-required wpcf7-text wpcf7-validates-as-email\" autocomplete=\"email\" aria-required=\"true\" aria-invalid=\"false\" placeholder=\"E-po\u0161ta*\" value=\"\" type=\"email\" name=\"email\" \/><\/span>\n<\/p>\n<p><span class=\"wpcf7-form-control-wrap\" data-name=\"telephone\"><input size=\"40\" maxlength=\"400\" class=\"wpcf7-form-control wpcf7-tel wpcf7-validates-as-required wpcf7-text wpcf7-validates-as-tel\" autocomplete=\"tel\" aria-required=\"true\" aria-invalid=\"false\" placeholder=\"Telefon*\" value=\"\" type=\"tel\" name=\"telephone\" \/><\/span>\n<\/p>\n<p><span class=\"wpcf7-form-control-wrap\" data-name=\"message\"><textarea cols=\"40\" rows=\"10\" maxlength=\"2000\" class=\"wpcf7-form-control wpcf7-textarea wpcf7-validates-as-required\" aria-required=\"true\" aria-invalid=\"false\" placeholder=\"Sporo\u010dilo*\" name=\"message\"><\/textarea><\/span>\n<\/p>\n<p><span class=\"wpcf7-form-control-wrap\" data-name=\"policy\"><span class=\"wpcf7-form-control wpcf7-checkbox wpcf7-validates-as-required\"><span class=\"wpcf7-list-item first last\"><input type=\"checkbox\" name=\"policy[]\" value=\"Strinjam se s politiko zasebnosti.*\" \/><span class=\"wpcf7-list-item-label\">Strinjam se s politiko zasebnosti.*<\/span><\/span><\/span><\/span>\n<\/p>\n<p>Skupina To\u0161 posve\u010da posebno pozornost in skrb varstvu va\u0161ih osebnih podatkov. Podrobnej\u0161a pravila glede uporabe in obdelave va\u0161ih osebnih podatkov si lahko preberete v Politiki zasebnosti.\n<\/p>\n<p><input class=\"wpcf7-form-control wpcf7-submit has-spinner\" type=\"submit\" value=\"Kontaktirajte nas\" \/>\n<\/p><div class=\"wpcf7-response-output\" aria-hidden=\"true\"><\/div>\n<\/form>\n<\/div>\n<\/div>\n<\/div>\n\n\n\n<div class=\"wp-block-column is-vertically-aligned-top is-layout-flow wp-container-core-column-is-layout-3 wp-block-column-is-layout-flow\" style=\"padding-top:0.75rem;flex-basis:35%\">\n<div class=\"wp-block-group is-nowrap is-layout-flex wp-container-core-group-is-layout-1 wp-block-group-is-layout-flex\" style=\"min-height:46px\">\n<div class=\"wp-block-outermost-icon-block\" style=\"margin-right:var(--wp--preset--spacing--20)\"><div class=\"icon-container has-icon-color has-base-color\" style=\"color:#8a7459;width:32px;transform:rotate(0deg) scaleX(1) scaleY(1)\"><svg xmlns=\"http:\/\/www.w3.org\/2000\/svg\" version=\"1.1\" viewBox=\"0 0 38 38\"><path d=\"M19.1,18.3c-2,0-3.7-1.7-3.7-3.7s1.7-3.7,3.7-3.7,3.7,1.7,3.7,3.7-1.7,3.7-3.7,3.7ZM19.1,11.9c-1.5,0-2.7,1.2-2.7,2.7s1.2,2.7,2.7,2.7,2.7-1.2,2.7-2.7-1.2-2.7-2.7-2.7Z\"><\/path><path d=\"M19.1,30.1h0c-.4,0-.8-.2-1-.5l-5.9-9.6c-.8-1.5-1.4-2.8-1.4-4.5,0-3.8,2.7-7.2,6.4-8,2.5-.6,5.1,0,7,1.6,2,1.6,3.1,3.9,3.1,6.4s-.4,3.1-1.4,4.5l-1.6,2.7-4.3,6.9c-.2.3-.6.5-1,.5ZM19,8.5c-.5,0-1.1,0-1.7.2-3.2.7-5.5,3.7-5.5,7,0,1.5.5,2.6,1.2,4l5.7,9.2c0,.1.2.2.3.2.1,0,.2,0,.3-.2l4.2-6.6,1.5-2.6c.8-1.3,1.2-2.5,1.2-4,0-2.2-1-4.3-2.7-5.6-1.3-1-2.9-1.6-4.5-1.6Z\"><\/path><path d=\"M32.6,37.5H5.6c-2.7,0-4.9-2.2-4.9-4.9V5.5C.6,2.8,2.9.6,5.6.6h27c2.7,0,4.9,2.2,4.9,4.9v27c0,2.7-2.2,4.9-4.9,4.9ZM5.8,1.6C3.5,1.6,1.6,3.4,1.6,5.7v26.7c0,2.3,1.9,4.1,4.1,4.1h26.7c2.3,0,4.1-1.9,4.1-4.1V5.7c0-2.3-1.9-4.1-4.1-4.1H5.8Z\"><\/path><\/svg><\/div><\/div>\n\n\n\n<p class=\"has-text-align-left has-small-font-size\" style=\"font-style:normal;font-weight:300\">Odvetni\u0161ka pisarna To\u0161 in partnerji, d.o.o.<br>Beethovnova ulica 12<br>SI-1000 Ljubljana<\/p>\n<\/div>\n\n\n\n<div class=\"wp-block-group is-nowrap is-layout-flex wp-container-core-group-is-layout-2 wp-block-group-is-layout-flex\" style=\"min-height:46px\">\n<div class=\"wp-block-outermost-icon-block\" style=\"margin-right:var(--wp--preset--spacing--20)\"><div class=\"icon-container has-icon-color has-base-color\" style=\"color:#8a7459;width:32px;transform:rotate(0deg) scaleX(1) scaleY(1)\"><svg xmlns=\"http:\/\/www.w3.org\/2000\/svg\" version=\"1.1\" viewBox=\"0 0 38 38\"><path d=\"M25.4,30c-1.8,0-3.7-.7-5.2-1.3-1.9-.8-3.6-1.8-5-2.8-.8-.6-1.6-1.4-2.4-2.3-1.4-1.5-2.6-3-3.6-4.5-1.3-2-1.9-3.8-1.9-5.5,0-2.8,1.4-4.3,2-4.9h.1c.8-1,2.1-1,3.2-.9.2,0,.6,0,.9.3.3.2.5.6.6.8.2.4.3.8.4,1.1.2.5.4,1,.6,1.5v.3c.2.2.3.5.4.7v.2c.2.3.4.6.5,1,0,.5-.1,1-.5,1.6-.4.5-.7.9-1.1,1.3-.3.3-.3.4-.2.6.2.4,1.4,2.3,3.1,3.8,1.8,1.6,3.3,2.2,4.1,2.6.2,0,.3.1.4.2.5.2.6.1.7,0,.4-.5,1.4-1.7,1.8-2.2.6-.9,1.4-.6,1.8-.5.3.1,1.7.7,3.9,1.8l.4.2c.4.2.8.4,1,.7.3.5.1,1.9-.3,3.1-.4,1.3-1.8,2.1-2.9,2.6-.9.4-1.8.5-2.7.5ZM11.7,8.7c-.6,0-1.2.1-1.6.6h-.1c-.6.7-1.8,2-1.8,4.4s.6,3.1,1.8,5c.9,1.4,2.1,2.9,3.5,4.4.8.8,1.5,1.6,2.3,2.2,1.3,1,2.9,1.9,4.7,2.7,2.1.9,4.9,1.8,7.2.8.7-.3,2-1,2.4-2,.4-1.2.4-2.1.4-2.3,0,0-.3-.2-.6-.3l-.4-.2c-2.9-1.4-3.6-1.7-3.8-1.8-.5-.2-.6-.2-.8.1-.5.7-1.8,2.2-1.8,2.3-.6.7-1.3.5-1.8.2,0,0-.2,0-.4-.2-.8-.3-2.5-1.1-4.3-2.7-1.8-1.6-3-3.6-3.3-4-.5-.9,0-1.4.3-1.7.3-.3.7-.8,1-1.2.2-.2.4-.6.3-.9,0-.2-.1-.4-.3-.7v-.2c-.2-.3-.3-.5-.4-.8v-.3c-.3-.5-.5-1-.7-1.6-.1-.4-.3-.7-.4-1.1,0-.2-.1-.4-.3-.4,0,0-.3,0-.4-.1-.3,0-.5,0-.8,0Z\"><\/path><path d=\"M32.6,37.5H5.6c-2.7,0-4.9-2.2-4.9-4.9V5.5C.6,2.8,2.9.6,5.6.6h27c2.7,0,4.9,2.2,4.9,4.9v27c0,2.7-2.2,4.9-4.9,4.9ZM5.8,1.6C3.5,1.6,1.6,3.4,1.6,5.7v26.7c0,2.3,1.9,4.1,4.1,4.1h26.7c2.3,0,4.1-1.9,4.1-4.1V5.7c0-2.3-1.9-4.1-4.1-4.1H5.8Z\"><\/path><\/svg><\/div><\/div>\n\n\n\n<p class=\"has-text-align-left no-underline has-contrast-color has-text-color has-link-color has-small-font-size wp-elements-f78aa0d0f6a59ac2b754ee305563a90b\" style=\"font-style:normal;font-weight:300\"><a href=\"tel:38612001760\">+386 (0) 1 200 17 60<\/a> (splo\u0161no)<\/p>\n<\/div>\n\n\n\n<div class=\"wp-block-group is-nowrap is-layout-flex wp-container-core-group-is-layout-3 wp-block-group-is-layout-flex\" style=\"min-height:46px\">\n<div class=\"wp-block-outermost-icon-block\" style=\"margin-right:var(--wp--preset--spacing--20)\"><div class=\"icon-container has-icon-color has-base-color\" style=\"color:#8a7459;width:32px;padding-top:0;padding-right:0;padding-bottom:0;padding-left:0;transform:rotate(0deg) scaleX(1) scaleY(1)\"><svg xmlns=\"http:\/\/www.w3.org\/2000\/svg\" version=\"1.1\" viewBox=\"0 0 38 38\"><path d=\"M28,26.8H10.4c-1.2,0-2.2-1-2.2-2.2v-10.5c0-1.2,1-2.2,2.2-2.2h17.5c1.2,0,2.2,1,2.2,2.2v10.5c0,1.2-1,2.2-2.2,2.2ZM10.6,12.7c-.8,0-1.5.7-1.5,1.5v10.2c0,.8.7,1.5,1.5,1.5h17.1c.8,0,1.5-.7,1.5-1.5v-10.2c0-.8-.7-1.5-1.5-1.5H10.6Z\"><\/path><path d=\"M19.2,20.9c-.4,0-.9-.1-1.2-.4l-9-7.3.5-1,9,7.3c.4.3,1,.3,1.4,0l9-7.3.5,1-9,7.3c-.3.3-.8.4-1.2.4Z\"><\/path><polygon points=\"28.7 26.2 21.4 18.9 22.2 18.2 29.6 25.5 28.7 26.2\"><\/polygon><path d=\"M32.6,37.5H5.6c-2.7,0-4.9-2.2-4.9-4.9V5.5C.6,2.8,2.9.6,5.6.6h27c2.7,0,4.9,2.2,4.9,4.9v27c0,2.7-2.2,4.9-4.9,4.9ZM5.8,1.6C3.5,1.6,1.6,3.4,1.6,5.7v26.7c0,2.3,1.9,4.1,4.1,4.1h26.7c2.3,0,4.1-1.9,4.1-4.1V5.7c0-2.3-1.9-4.1-4.1-4.1H5.8Z\"><\/path><polygon points=\"9.5 26.2 16.8 18.9 16 18.2 8.6 25.5 9.5 26.2\"><\/polygon><\/svg><\/div><\/div>\n\n\n\n<p class=\"has-text-align-left no-underline has-contrast-color has-text-color has-link-color has-small-font-size wp-elements-d3f43de3e5ca3290ca2e4d7c8c2a5720\" style=\"font-style:normal;font-weight:300\"><a href=\"mailto:info@tos.si\">info@tos.si<\/a> (splo\u0161no)<\/p>\n<\/div>\n\n\n\n<div class=\"wp-block-group is-nowrap is-layout-flex wp-container-core-group-is-layout-4 wp-block-group-is-layout-flex\" style=\"min-height:46px\">\n<div class=\"wp-block-outermost-icon-block\" style=\"margin-right:var(--wp--preset--spacing--20)\"><div class=\"icon-container has-icon-color has-base-color\" style=\"color:#8a7459;width:32px;transform:rotate(0deg) scaleX(1) scaleY(1)\"><svg xmlns=\"http:\/\/www.w3.org\/2000\/svg\" version=\"1.1\" viewBox=\"0 0 38 38\"><path d=\"M25.4,30c-1.8,0-3.7-.7-5.2-1.3-1.9-.8-3.6-1.8-5-2.8-.8-.6-1.6-1.4-2.4-2.3-1.4-1.5-2.6-3-3.6-4.5-1.3-2-1.9-3.8-1.9-5.5,0-2.8,1.4-4.3,2-4.9h.1c.8-1,2.1-1,3.2-.9.2,0,.6,0,.9.3.3.2.5.6.6.8.2.4.3.8.4,1.1.2.5.4,1,.6,1.5v.3c.2.2.3.5.4.7v.2c.2.3.4.6.5,1,0,.5-.1,1-.5,1.6-.4.5-.7.9-1.1,1.3-.3.3-.3.4-.2.6.2.4,1.4,2.3,3.1,3.8,1.8,1.6,3.3,2.2,4.1,2.6.2,0,.3.1.4.2.5.2.6.1.7,0,.4-.5,1.4-1.7,1.8-2.2.6-.9,1.4-.6,1.8-.5.3.1,1.7.7,3.9,1.8l.4.2c.4.2.8.4,1,.7.3.5.1,1.9-.3,3.1-.4,1.3-1.8,2.1-2.9,2.6-.9.4-1.8.5-2.7.5ZM11.7,8.7c-.6,0-1.2.1-1.6.6h-.1c-.6.7-1.8,2-1.8,4.4s.6,3.1,1.8,5c.9,1.4,2.1,2.9,3.5,4.4.8.8,1.5,1.6,2.3,2.2,1.3,1,2.9,1.9,4.7,2.7,2.1.9,4.9,1.8,7.2.8.7-.3,2-1,2.4-2,.4-1.2.4-2.1.4-2.3,0,0-.3-.2-.6-.3l-.4-.2c-2.9-1.4-3.6-1.7-3.8-1.8-.5-.2-.6-.2-.8.1-.5.7-1.8,2.2-1.8,2.3-.6.7-1.3.5-1.8.2,0,0-.2,0-.4-.2-.8-.3-2.5-1.1-4.3-2.7-1.8-1.6-3-3.6-3.3-4-.5-.9,0-1.4.3-1.7.3-.3.7-.8,1-1.2.2-.2.4-.6.3-.9,0-.2-.1-.4-.3-.7v-.2c-.2-.3-.3-.5-.4-.8v-.3c-.3-.5-.5-1-.7-1.6-.1-.4-.3-.7-.4-1.1,0-.2-.1-.4-.3-.4,0,0-.3,0-.4-.1-.3,0-.5,0-.8,0Z\"><\/path><path d=\"M32.6,37.5H5.6c-2.7,0-4.9-2.2-4.9-4.9V5.5C.6,2.8,2.9.6,5.6.6h27c2.7,0,4.9,2.2,4.9,4.9v27c0,2.7-2.2,4.9-4.9,4.9ZM5.8,1.6C3.5,1.6,1.6,3.4,1.6,5.7v26.7c0,2.3,1.9,4.1,4.1,4.1h26.7c2.3,0,4.1-1.9,4.1-4.1V5.7c0-2.3-1.9-4.1-4.1-4.1H5.8Z\"><\/path><\/svg><\/div><\/div>\n\n\n\n<p class=\"has-text-align-left no-underline has-contrast-color has-text-color has-link-color has-small-font-size wp-elements-2c4abbf8e3e7ce3fa4e8711204b8e3c0\" style=\"font-style:normal;font-weight:300\"><a href=\"tel:38612001760\">+386 (0) 1 200 17 40 (izterjava)<\/a><\/p>\n<\/div>\n\n\n\n<div class=\"wp-block-group is-nowrap is-layout-flex wp-container-core-group-is-layout-5 wp-block-group-is-layout-flex\" style=\"min-height:46px\">\n<div class=\"wp-block-outermost-icon-block\" style=\"margin-right:var(--wp--preset--spacing--20)\"><div class=\"icon-container has-icon-color has-base-color\" style=\"color:#8a7459;width:32px;padding-top:0;padding-right:0;padding-bottom:0;padding-left:0;transform:rotate(0deg) scaleX(1) scaleY(1)\"><svg xmlns=\"http:\/\/www.w3.org\/2000\/svg\" version=\"1.1\" viewBox=\"0 0 38 38\"><path d=\"M28,26.8H10.4c-1.2,0-2.2-1-2.2-2.2v-10.5c0-1.2,1-2.2,2.2-2.2h17.5c1.2,0,2.2,1,2.2,2.2v10.5c0,1.2-1,2.2-2.2,2.2ZM10.6,12.7c-.8,0-1.5.7-1.5,1.5v10.2c0,.8.7,1.5,1.5,1.5h17.1c.8,0,1.5-.7,1.5-1.5v-10.2c0-.8-.7-1.5-1.5-1.5H10.6Z\"><\/path><path d=\"M19.2,20.9c-.4,0-.9-.1-1.2-.4l-9-7.3.5-1,9,7.3c.4.3,1,.3,1.4,0l9-7.3.5,1-9,7.3c-.3.3-.8.4-1.2.4Z\"><\/path><polygon points=\"28.7 26.2 21.4 18.9 22.2 18.2 29.6 25.5 28.7 26.2\"><\/polygon><path d=\"M32.6,37.5H5.6c-2.7,0-4.9-2.2-4.9-4.9V5.5C.6,2.8,2.9.6,5.6.6h27c2.7,0,4.9,2.2,4.9,4.9v27c0,2.7-2.2,4.9-4.9,4.9ZM5.8,1.6C3.5,1.6,1.6,3.4,1.6,5.7v26.7c0,2.3,1.9,4.1,4.1,4.1h26.7c2.3,0,4.1-1.9,4.1-4.1V5.7c0-2.3-1.9-4.1-4.1-4.1H5.8Z\"><\/path><polygon points=\"9.5 26.2 16.8 18.9 16 18.2 8.6 25.5 9.5 26.2\"><\/polygon><\/svg><\/div><\/div>\n\n\n\n<p class=\"has-text-align-left no-underline has-contrast-color has-text-color has-link-color has-small-font-size wp-elements-9197268df2a82aecbbfb688b43f1bbcc\" style=\"font-style:normal;font-weight:300\"><a href=\"mailto:info@tos.si\">izvrsba@tos.si (izterjava)<\/a><\/p>\n<\/div>\n<\/div>\n<\/div>\n<\/div>\n\n\n\n<div class=\"wp-block-group alignfull maps is-vertical is-content-justification-center is-nowrap is-layout-flex wp-container-core-group-is-layout-7 wp-block-group-is-layout-flex\" style=\"min-height:1rem;padding-top:0\">\n<div id=\"map\"><\/div>\n<script>\n  function initMap() {\n    const position = { lat: 46.052875764037715, lng: 14.502444038883715 };\n\n    const map = new google.maps.Map(document.getElementById(\"map\"), {\n      mapId: \"e1b4f5efbca31565\",\n      center: position,\n      zoom: 16,\n    });\n\n    \/\/ The marker\n    var pinSVGHole = \"M12,11.5A2.5,2.5 0 0,1 9.5,9A2.5,2.5 0 0,1 12,6.5A2.5,2.5 0 0,1 14.5,9A2.5,2.5 0 0,1 12,11.5M12,2A7,7 0 0,0 5,9C5,14.25 12,22 12,22C12,22 19,14.25 19,9A7,7 0 0,0 12,2Z\";\n    const markerImage = {\n        path: pinSVGHole,\n        anchor: new google.maps.Point(12,17),\n        fillOpacity: 1,\n        fillColor: \"#8a7459\",\n        strokeWeight: 0,\n        strokeColor: \"white\",\n        scale: 2\n    };\n\n    const marker = new google.maps.Marker({\n      position: position,\n      color: \"#8a7459\",\n      animation: google.maps.Animation.BOUNCE,\n      icon: markerImage,\n      map: map,\n    });\n  }\n  window.initMap = initMap;\n<\/script>\n<script src=\"https:\/\/maps.googleapis.com\/maps\/api\/js?key=AIzaSyAeYg3t1Od6nQbA0lxwq8Jn9UbjBmNeCWY&#038;callback=initMap&#038;v=weekly&#038;language=sl-SI\" defer=\"defer\"><\/script>\n<\/div>\n","protected":false},"excerpt":{"rendered":"<p>PI\u0160ITE NAM Odvetni\u0161ka pisarna To\u0161 in partnerji, d.o.o.Beethovnova ulica 12SI-1000 Ljubljana +386 (0) 1 200 17 60 (splo\u0161no) info@tos.si (splo\u0161no) +386 (0) 1 200 17 40 (izterjava) izvrsba@tos.si (izterjava)<\/p>\n","protected":false},"author":1,"featured_media":0,"parent":0,"menu_order":0,"comment_status":"closed","ping_status":"closed","template":"","meta":{"footnotes":""},"class_list":["post-1673","page","type-page","status-publish","hentry"],"_links":{"self":[{"href":"https:\/\/www.tos.si\/sl\/wp-json\/wp\/v2\/pages\/1673","targetHints":{"allow":["GET"]}}],"collection":[{"href":"https:\/\/www.tos.si\/sl\/wp-json\/wp\/v2\/pages"}],"about":[{"href":"https:\/\/www.tos.si\/sl\/wp-json\/wp\/v2\/types\/page"}],"author":[{"embeddable":true,"href":"https:\/\/www.tos.si\/sl\/wp-json\/wp\/v2\/users\/1"}],"replies":[{"embeddable":true,"href":"https:\/\/www.tos.si\/sl\/wp-json\/wp\/v2\/comments?post=1673"}],"version-history":[{"count":4,"href":"https:\/\/www.tos.si\/sl\/wp-json\/wp\/v2\/pages\/1673\/revisions"}],"predecessor-version":[{"id":1972,"href":"https:\/\/www.tos.si\/sl\/wp-json\/wp\/v2\/pages\/1673\/revisions\/1972"}],"wp:attachment":[{"href":"https:\/\/www.tos.si\/sl\/wp-json\/wp\/v2\/media?parent=1673"}],"curies":[{"name":"wp","href":"https:\/\/api.w.org\/{rel}","templated":true}]}}