{"id":1588,"date":"2025-02-15T18:16:46","date_gmt":"2025-02-15T18:16:46","guid":{"rendered":"https:\/\/www.tos.si\/storitve\/"},"modified":"2025-10-13T09:13:00","modified_gmt":"2025-10-13T09:13:00","slug":"storitve","status":"publish","type":"page","link":"https:\/\/www.tos.si\/sl\/storitve\/","title":{"rendered":"Storitve"},"content":{"rendered":"\n<div class=\"wp-block-group alignfull services has-global-padding is-layout-constrained wp-container-core-group-is-layout-1 wp-block-group-is-layout-constrained\" style=\"margin-top:0;margin-bottom:0;padding-top:var(--wp--preset--spacing--40);padding-right:15vw;padding-bottom:var(--wp--preset--spacing--40);padding-left:15vw\">\n<div class=\"wp-block-columns alignwide is-layout-flex wp-container-core-columns-is-layout-1 wp-block-columns-is-layout-flex\">\n<div class=\"wp-block-column is-layout-flow wp-container-core-column-is-layout-1 wp-block-column-is-layout-flow\" style=\"padding-bottom:var(--wp--preset--spacing--30)\">\n<h2 class=\"wp-block-heading has-base-2-color has-text-color has-link-color has-novel-sans-pro-font-family has-custom-1-font-size wp-elements-76cfaa42148a9dc9b430a5b27c9dcaa6\" style=\"font-style:normal;font-weight:400;letter-spacing:4px;line-height:1.6;text-transform:none\">STORITVE<\/h2>\n<\/div>\n<\/div>\n\n\n\n<div class=\"wp-block-columns alignwide is-layout-flex wp-container-core-columns-is-layout-2 wp-block-columns-is-layout-flex\">\n<div class=\"wp-block-column is-layout-flow wp-container-core-column-is-layout-2 wp-block-column-is-layout-flow\" style=\"padding-bottom:var(--wp--preset--spacing--30)\">\n<div class=\"wp-block-esab-accordion esab-mr13aydn\" data-mode=\"global\" data-close=\"true\"><div class=\"esab__container\">\n<div class=\"wp-block-esab-accordion-child\" id=\"scale\"><div class=\"esab__head\" role=\"button\" aria-expanded=\"false\"><div class=\"esab__heading_txt\"><h3 class=\"esab__heading_tag\">Civilno pravo<\/h3><\/div><div class=\"esab__icon\"><div class=\"esab__collapse\">  <\/div><div class=\"esab__expand\">  <\/div><\/div><\/div><div class=\"esab__body\">\n<p class=\"has-medium-font-size\" style=\"font-style:normal;font-weight:300\">Na podro\u010dju civilnega prava nudimo svetovanje predvsem iz podro\u010dja obligacijskega prava, stvarnega prava, zemlji\u0161ko knji\u017enega prava, dednega prava in dru\u017einskega prava. V okviru svetovanja sestavljamo tudi vse vrste civilnih pogodb in ostalih zasebnih listin. Na\u0161i odvetniki tudi redno zastopajo stranke v pravdnih, kazenskih in upravnih postopkih, ter v postopkih pred Ustavnim sodi\u0161\u010dem Republike Slovenije.  <\/p>\n<\/div><\/div>\n\n\n\n<div class=\"wp-block-esab-accordion-child\" id=\"commercial\"><div class=\"esab__head\" role=\"button\" aria-expanded=\"false\"><div class=\"esab__heading_txt\"><h3 class=\"esab__heading_tag\">Gospodarsko pravo<\/h3><\/div><div class=\"esab__icon\"><div class=\"esab__collapse\">  <\/div><div class=\"esab__expand\">  <\/div><\/div><\/div><div class=\"esab__body\">\n<p class=\"has-medium-font-size\" style=\"font-style:normal;font-weight:300\">Vsebinska pestrost gospodarskega prava je na\u0161 izziv. Za na\u0161e stranke ustanavljamo vse vrste statusnih oblik gospodarskih dru\u017eb, svetujemo pri spremembah statutov, dru\u017ebenih pogodbah ter aktov o ustanovitvi, kot tudi statusnih preoblikovanjih in spremembah osnovnega kapitala. Sestavljamo in pregledujemo vse vrste gospodarskih pogodb, nudimo zastopanje na skup\u0161\u010dinah delni\u0161kih dru\u017eb, pripravljamo prijave terjatev v postopkih zaradi prisilne izterjave in insolventnosti itd. Ob tem na\u0161e stranke kot gospodarske subjekte zastopamo v postopkih pred sodi\u0161\u010di in drugimi dr\u017eavnimi organi.  <\/p>\n<\/div><\/div>\n\n\n\n<div class=\"wp-block-esab-accordion-child\" id=\"criminal\"><div class=\"esab__head\" role=\"button\" aria-expanded=\"false\"><div class=\"esab__heading_txt\"><h3 class=\"esab__heading_tag\">Gospodarsko kazensko pravo<\/h3><\/div><div class=\"esab__icon\"><div class=\"esab__collapse\">  <\/div><div class=\"esab__expand\">  <\/div><\/div><\/div><div class=\"esab__body\">\n<p class=\"has-medium-font-size\" style=\"font-style:normal;font-weight:300\">Zaradi vse pogostej\u0161ih zlorab pravic, ki izvirajo iz gospodarskega prava, je svetovanje na podro\u010dju gospodarskih kaznivih dejanj postalo neizogiben del na\u0161ega pravnega svetovanja gospodarskim subjektom.<\/p>\n<\/div><\/div>\n\n\n\n<div class=\"wp-block-esab-accordion-child\" id=\"labor\"><div class=\"esab__head\" role=\"button\" aria-expanded=\"false\"><div class=\"esab__heading_txt\"><h3 class=\"esab__heading_tag\">Delovno pravo<\/h3><\/div><div class=\"esab__icon\"><div class=\"esab__collapse\">  <\/div><div class=\"esab__expand\">  <\/div><\/div><\/div><div class=\"esab__body\">\n<p class=\"has-medium-font-size\" style=\"font-style:normal;font-weight:300\">Na\u0161e svetovanje na podro\u010dju delovnega prava obsega pripravo internih delovno pravnih aktov, pregled in sestavo pogodb o zaposlitvi, zastopanje strank v individualnih in kolektivnih delovnih sporih, zastopanje delavcev v postopkih uveljavljanja pravic, itd.<\/p>\n<\/div><\/div>\n\n\n\n<div class=\"wp-block-esab-accordion-child\" id=\"corporate\"><div class=\"esab__head\" role=\"button\" aria-expanded=\"false\"><div class=\"esab__heading_txt\"><h3 class=\"esab__heading_tag\">Korporacijsko pravo<\/h3><\/div><div class=\"esab__icon\"><div class=\"esab__collapse\">  <\/div><div class=\"esab__expand\">  <\/div><\/div><\/div><div class=\"esab__body\">\n<p class=\"has-medium-font-size\" style=\"font-style:normal;font-weight:300\">Pravno svetovanje s podro\u010dja korporacijskega prava vklju\u010duje svetovanje pri ustanavljanju in statusnih spremembah gospodarskih dru\u017eb ter njihovi likvidaciji, vklju\u010dno s pripravo in vodenjem skup\u0161\u010din in vodenjem postopkov pri sodnem registru. Svetovanje na tem podro\u010dju se pri pravnih osebah prepleta s storitvami na podro\u010dju prava vrednostnih papirjev, finan\u010dnega prava, prava varstva konkurence in svetovanja v primeru sporov med gospodarskimi subjekti. <\/p>\n<\/div><\/div>\n\n\n\n<div class=\"wp-block-esab-accordion-child\" id=\"mergers\"><div class=\"esab__head\" role=\"button\" aria-expanded=\"false\"><div class=\"esab__heading_txt\"><h3 class=\"esab__heading_tag\">Prevzemi in storitve<\/h3><\/div><div class=\"esab__icon\"><div class=\"esab__collapse\">  <\/div><div class=\"esab__expand\">  <\/div><\/div><\/div><div class=\"esab__body\">\n<p class=\"has-medium-font-size\" style=\"font-style:normal;font-weight:300\">Strankam svetujemo v postopkih kapitalskega povezovanja med podjetji, ki vklju\u010duje svetovanje pri prenosih dele\u017eev in premo\u017eenja, zdru\u017eitvah, prevzemih, prestrukturiranju in skupnih vlaganjih, kar zajema tako posle znotraj Slovenije kot v tujini. <\/p>\n<\/div><\/div>\n\n\n\n<div class=\"wp-block-esab-accordion-child\" id=\"competition\"><div class=\"esab__head\" role=\"button\" aria-expanded=\"false\"><div class=\"esab__heading_txt\"><h3 class=\"esab__heading_tag\">Pravno varstvo konkurence<\/h3><\/div><div class=\"esab__icon\"><div class=\"esab__collapse\">  <\/div><div class=\"esab__expand\">  <\/div><\/div><\/div><div class=\"esab__body\">\n<p class=\"has-medium-font-size\" style=\"font-style:normal;font-weight:300\">Upo\u0161tevanje pravil konkurence je izziv tudi v \u010dasu poenotenja konkuren\u010dnega prava na mednarodni ravni, predvsem v okviru Evropske unije. Posamezne dr\u017eave namre\u010d ustvarjajo lokalno pravo, na katerega je potrebno pri \u010dezmejnem svetovanju strank, ki ga zagotavlja na\u0161a pisarna, posebej paziti. Pisarna nudi u\u010dinkovito ukrepanje proti kr\u0161iteljem konkuren\u010dnih pravil ter zastopanje v sodnih postopkih zaradi domnevnih kr\u0161itev na tem podro\u010dju.  <\/p>\n<\/div><\/div>\n\n\n\n<div class=\"wp-block-esab-accordion-child\" id=\"intellectual\"><div class=\"esab__head\" role=\"button\" aria-expanded=\"false\"><div class=\"esab__heading_txt\"><h3 class=\"esab__heading_tag\">Intelektualna lastnina<\/h3><\/div><div class=\"esab__icon\"><div class=\"esab__collapse\">  <\/div><div class=\"esab__expand\">  <\/div><\/div><\/div><div class=\"esab__body\">\n<p class=\"has-medium-font-size\" style=\"font-style:normal;font-weight:300\">Pisarna razpolaga z bogatim znanjem na podro\u010dju pravic intelektualne lastnine, kamor sodijo patenti, dodatni varstveni certifikati, modeli, znamke, geografske ozna\u010dbe, avtorske in sorodne pravice, registrirane topografije, pravice in firme, pri \u010demer je potrebno u\u010dinkovito varstvo za tovrstno premo\u017eenje. Pisarna nudi strankam u\u010dinkovito uveljavljanje teh pravic zlasti v primeru njihove kr\u0161itve, kajti prete\u017eno podjetni\u0161ka narava teh pravic zahteva ustrezno upravljanje z njimi. Pisarna sodeluje z uveljavljenimi strokovnjaki s podro\u010dja varstva intelektualne lastnine.  <\/p>\n<\/div><\/div>\n\n\n\n<div class=\"wp-block-esab-accordion-child\" id=\"sales\"><div class=\"esab__head\" role=\"button\" aria-expanded=\"false\"><div class=\"esab__heading_txt\"><h3 class=\"esab__heading_tag\">Nakup in prodaja podjetij<\/h3><\/div><div class=\"esab__icon\"><div class=\"esab__collapse\">  <\/div><div class=\"esab__expand\">  <\/div><\/div><\/div><div class=\"esab__body\">\n<p class=\"has-medium-font-size\" style=\"font-style:normal;font-weight:300\">V sodelovanju z uveljavljenimi strokovnjaki s podro\u010dja dav\u010dnega in finan\u010dnega svetovanja ter revizije strankam svetujemo pri nakupih in prodaji podjetij in te postopke tudi izpeljemo. V tem okviru zagotavljamo tudi storitve skrbnega pravnega pregleda poslovanja.In this context, we also provide legal due diligence services.\n<\/p>\n<\/div><\/div>\n<\/div><\/div>\n<\/div>\n\n\n\n<div class=\"wp-block-column is-layout-flow wp-container-core-column-is-layout-3 wp-block-column-is-layout-flow\" style=\"padding-bottom:var(--wp--preset--spacing--30)\">\n<div class=\"wp-block-esab-accordion esab-vouxwzvq\" data-mode=\"global\" data-close=\"true\"><div class=\"esab__container\">\n<div class=\"wp-block-esab-accordion-child\" id=\"bankruptcy\"><div class=\"esab__head\" role=\"button\" aria-expanded=\"false\"><div class=\"esab__heading_txt\"><h3 class=\"esab__heading_tag\">Ste\u010dajno pravo<\/h3><\/div><div class=\"esab__icon\"><div class=\"esab__collapse\">  <\/div><div class=\"esab__expand\">  <\/div><\/div><\/div><div class=\"esab__body\">\n<p class=\"has-medium-font-size\" style=\"font-style:normal;font-weight:300\">Odvetnik Andrej To\u0161 je imetnik licence ste\u010dajnega upravitelja in ima dolgoletne izku\u0161nje pri vodenju nekaterih najve\u010djih ste\u010dajev v Sloveniji, vklju\u010dno s ste\u010daji bank in drugih finan\u010dnih in\u0161titucij. Strankam zagotavljamo pravno svetovanje v postopkih prijave terjatev in skrbimo za za\u0161\u010dito njihovih interesov v insolven\u010dnih postopkih. Skupaj z zunanjimi sodelavci pripravljamo programe finan\u010dne reorganizacije v skladu z Zakonom o finan\u010dnem poslovanju, postopkih zaradi insolventnosti in prisilnem prenehanju.<\/p>\n<\/div><\/div>\n\n\n\n<div class=\"wp-block-esab-accordion-child\" id=\"debt-recovery\"><div class=\"esab__head\" role=\"button\" aria-expanded=\"false\"><div class=\"esab__heading_txt\"><h3 class=\"esab__heading_tag\">Izterjava<\/h3><\/div><div class=\"esab__icon\"><div class=\"esab__collapse\">  <\/div><div class=\"esab__expand\">  <\/div><\/div><\/div><div class=\"esab__body\">\n<p class=\"has-medium-font-size\" style=\"font-style:normal;font-weight:300\">Podjetni\u0161ko trgovska zbornica je \u017ee pred leti zapisala, da je pla\u010dilna nedisciplina globoko vra\u0161\u010dena v slovenski dru\u017ebi in poslovni praksi. V na\u0161i odvetni\u0161ki pisarni smo vzpostavili uspe\u0161en sistem izterjave, ki ima vrsto prednosti v primerjavi z dru\u017ebami, ki se ukvarjajo z izterjavo. Zaradi sodelovanja v mednarodni mre\u017ei odvetnikov na\u0161im strankam omogo\u010damo tudi izterjavo v tujini, prav tako pa nudimo svetovanje in vodenje postopkov izterjave na\u0161im strankam iz tujine.\n<br>Dolgoletne neprecenljive izku\u0161nje s podro\u010dja izterjave omogo\u010dajo, da k vsaki stranki pristopamo posamezno in postopek izterjave prilagodimo glede na njena pri\u010dakovanja, z upo\u0161tevanjem vseh tehni\u010dnih napredkov in poenostavitev.<\/p>\n<\/div><\/div>\n\n\n\n<div class=\"wp-block-esab-accordion-child\" id=\"tax\"><div class=\"esab__head\" role=\"button\" aria-expanded=\"false\"><div class=\"esab__heading_txt\"><h3 class=\"esab__heading_tag\">Dav\u010dno pravo<\/h3><\/div><div class=\"esab__icon\"><div class=\"esab__collapse\">  <\/div><div class=\"esab__expand\">  <\/div><\/div><\/div><div class=\"esab__body\">\n<p class=\"has-medium-font-size\" style=\"font-style:normal;font-weight:300\">Strankam svetujemo pri oceni dav\u010dnih tveganj pri posameznem poslu in jih v dav\u010dnih zadevah zastopamo v upravnih postopkih pred pristojnimi upravnimi in sodnimi organi. Odvetnik Andrej To\u0161 je magister pravnih znanosti na podro\u010dju dav\u010dnega prava, zaradi \u010desar pisarna razpolaga tako z znanjem kot tudi s prakti\u010dnimi izku\u0161njami na tem podro\u010dju. Imamo priznan status specialista za podro\u010dje dav\u010dnega prava.in tax law, giving the office both knowledge and the practical experience in this area.<\/p>\n<\/div><\/div>\n\n\n\n<div class=\"wp-block-esab-accordion-child\" id=\"realestate\"><div class=\"esab__head\" role=\"button\" aria-expanded=\"false\"><div class=\"esab__heading_txt\"><h3 class=\"esab__heading_tag\">Nepremi\u010dnine<\/h3><\/div><div class=\"esab__icon\"><div class=\"esab__collapse\">  <\/div><div class=\"esab__expand\">  <\/div><\/div><\/div><div class=\"esab__body\">\n<p class=\"has-medium-font-size\" style=\"font-style:normal;font-weight:300\">Strankam nudimo pravne storitve s podro\u010dja nakupa in prodaje nepremi\u010dnin. V okviru celostne storitve izvajamo preverjanje zemlji\u0161koknji\u017enega stanja, vodimo pogajanja, pripravimo pogodbe, izvedemo postopke v zvezi s pla\u010dilom davka in overitvijo pogodbe ter poskrbimo za vpis v zemlji\u0161ko knjigo. Investitorjem poleg navedenega zagotavljamo tudi finan\u010dno svetovanje pri posameznih nepremi\u010dninskih projektih. Prav tako izvajamo pravne storitve s podro\u010dja svetovanja in zastopanja na podro\u010dju uveljavljanja in varstva stvarnopravnih pravic na nepremi\u010dninah.<\/p>\n<\/div><\/div>\n\n\n\n<div class=\"wp-block-esab-accordion-child\" id=\"claims\"><div class=\"esab__head\" role=\"button\" aria-expanded=\"false\"><div class=\"esab__heading_txt\"><h3 class=\"esab__heading_tag\">Zavarovanje terjatev<\/h3><\/div><div class=\"esab__icon\"><div class=\"esab__collapse\">  <\/div><div class=\"esab__expand\">  <\/div><\/div><\/div><div class=\"esab__body\">\n<p class=\"has-medium-font-size\" style=\"font-style:normal;font-weight:300\">Za zavarovanje terjatev upnikov pripravljamo pogodbe in sporazume o zavarovanju terjatev ter v primerih, ko je to potrebno, poskrbimo za vpise zavarovanj v ustrezne registre (zemlji\u0161ka knjiga, sodni register, register neposestnih zastavnih pravic\u2026).<\/p>\n<\/div><\/div>\n\n\n\n<div class=\"wp-block-esab-accordion-child\" id=\"gavel\"><div class=\"esab__head\" role=\"button\" aria-expanded=\"false\"><div class=\"esab__heading_txt\"><h3 class=\"esab__heading_tag\">Zastopanje<\/h3><\/div><div class=\"esab__icon\"><div class=\"esab__collapse\">  <\/div><div class=\"esab__expand\">  <\/div><\/div><\/div><div class=\"esab__body\">\n<p class=\"has-medium-font-size\" style=\"font-style:normal;font-weight:300\">Odvetniki in drugi sodelavci odvetni\u0161ke dru\u017ebe so usposobljeni za zastopanje strank pred vsemi doma\u010dimi sodi\u0161\u010di, kakor tudi v upravnih postopkih pred upravnimi organi vseh stopenj.<\/p>\n<\/div><\/div>\n\n\n\n<div class=\"wp-block-esab-accordion-child\" id=\"administrative\"><div class=\"esab__head\" role=\"button\" aria-expanded=\"false\"><div class=\"esab__heading_txt\"><h3 class=\"esab__heading_tag\">Upravno pravo<\/h3><\/div><div class=\"esab__icon\"><div class=\"esab__collapse\">  <\/div><div class=\"esab__expand\">  <\/div><\/div><\/div><div class=\"esab__body\">\n<p class=\"has-medium-font-size\" style=\"font-style:normal;font-weight:300\">Na podro\u010dju upravnega prava pisarna strankam nudi celoten spekter pravnih storitev, od svetovanja v konkretnih primerih do zastopanja v upravnih postopkih, vlaganja vseh tipov dovoljenj za delo in prebivanje, svetovanja pri pridobitvi dr\u017eavljanstva ipd. priznavanja poklicnih kvalifikacij ter zastopanja v upravnih postopkih in pred upravnim sodi\u0161\u010dem.<\/p>\n<\/div><\/div>\n\n\n\n<div class=\"wp-block-esab-accordion-child\" id=\"data-protection\"><div class=\"esab__head\" role=\"button\" aria-expanded=\"false\"><div class=\"esab__heading_txt\"><h3 class=\"esab__heading_tag\">Varstvo osebnih podatkov<\/h3><\/div><div class=\"esab__icon\"><div class=\"esab__collapse\">  <\/div><div class=\"esab__expand\">  <\/div><\/div><\/div><div class=\"esab__body\">\n<p class=\"has-medium-font-size\" style=\"font-style:normal;font-weight:300\">Varstvo osebnih podatkov je pomembno tako za posameznika kot za vsako organizacijo, ki obdeluje osebne podatke. Z razvojem informacijske tehnologije in umetne inteligence podro\u010dje varstva osebnih podatkov postaja \u0161e pomembnej\u0161e. Skladnost obdelave osebnih podatkov s predpisi je klju\u010dnega pomena pri ugotavljanju vrednosti in ugleda organizacije. V tem okviru vam na\u0161a pisarna nudi svetovanje pri obdelavi in varstvu osebnih podatkov, kot tudi pripravo osnutkov internih aktov s podro\u010dja varstva osebnih podatkov.<\/p>\n<\/div><\/div>\n\n\n\n<div class=\"wp-block-esab-accordion-child\" id=\"banking\"><div class=\"esab__head\" role=\"button\" aria-expanded=\"false\"><div class=\"esab__heading_txt\"><h3 class=\"esab__heading_tag\">Ban\u010dno in finan\u010dno pravo<\/h3><\/div><div class=\"esab__icon\"><div class=\"esab__collapse\">  <\/div><div class=\"esab__expand\">  <\/div><\/div><\/div><div class=\"esab__body\">\n<p class=\"has-medium-font-size\" style=\"font-style:normal;font-weight:300\">Odvetni\u0161ka pisarna nudi pravno svetovanje v \u0161irokem spektru pravnih vpra\u0161anj, ki so povezani s kompleksnim ban\u010dnim in finan\u010dnim pravom. Med drugim svetujemo in zastopamo na\u0161e stranke na podro\u010dju pridobivanja potrebnih dovoljenj, kot tudi na podro\u010dju priprave in pregleda dokumentacije, instrumentov zavarovanja ter pripravi formalnih pravnih mnenj glede posameznih vpra\u0161anj.<\/p>\n<\/div><\/div>\n<\/div><\/div>\n<\/div>\n<\/div>\n<\/div>\n","protected":false},"excerpt":{"rendered":"<p>STORITVE<\/p>\n","protected":false},"author":1,"featured_media":0,"parent":0,"menu_order":0,"comment_status":"closed","ping_status":"closed","template":"","meta":{"footnotes":""},"class_list":["post-1588","page","type-page","status-publish","hentry"],"_links":{"self":[{"href":"https:\/\/www.tos.si\/sl\/wp-json\/wp\/v2\/pages\/1588","targetHints":{"allow":["GET"]}}],"collection":[{"href":"https:\/\/www.tos.si\/sl\/wp-json\/wp\/v2\/pages"}],"about":[{"href":"https:\/\/www.tos.si\/sl\/wp-json\/wp\/v2\/types\/page"}],"author":[{"embeddable":true,"href":"https:\/\/www.tos.si\/sl\/wp-json\/wp\/v2\/users\/1"}],"replies":[{"embeddable":true,"href":"https:\/\/www.tos.si\/sl\/wp-json\/wp\/v2\/comments?post=1588"}],"version-history":[{"count":5,"href":"https:\/\/www.tos.si\/sl\/wp-json\/wp\/v2\/pages\/1588\/revisions"}],"predecessor-version":[{"id":1888,"href":"https:\/\/www.tos.si\/sl\/wp-json\/wp\/v2\/pages\/1588\/revisions\/1888"}],"wp:attachment":[{"href":"https:\/\/www.tos.si\/sl\/wp-json\/wp\/v2\/media?parent=1588"}],"curies":[{"name":"wp","href":"https:\/\/api.w.org\/{rel}","templated":true}]}}