{"id":1576,"date":"2025-02-16T15:36:13","date_gmt":"2025-02-16T15:36:13","guid":{"rendered":"https:\/\/www.tos.si\/o-nas\/"},"modified":"2025-04-21T18:21:41","modified_gmt":"2025-04-21T18:21:41","slug":"o-nas","status":"publish","type":"page","link":"https:\/\/www.tos.si\/sl\/o-nas\/","title":{"rendered":"O nas"},"content":{"rendered":"\n<div class=\"wp-block-group alignfull has-global-padding is-layout-constrained wp-container-core-group-is-layout-1 wp-block-group-is-layout-constrained\" style=\"margin-top:0;margin-bottom:0;padding-top:var(--wp--preset--spacing--40);padding-right:15vw;padding-bottom:var(--wp--preset--spacing--40);padding-left:15vw\">\n<div class=\"wp-block-columns alignwide is-layout-flex wp-container-core-columns-is-layout-1 wp-block-columns-is-layout-flex\">\n<div class=\"wp-block-column is-vertically-aligned-center is-layout-flow wp-container-core-column-is-layout-1 wp-block-column-is-layout-flow\" style=\"padding-bottom:var(--wp--preset--spacing--30)\">\n<figure class=\"wp-block-image size-medium\"><img loading=\"lazy\" decoding=\"async\" width=\"300\" height=\"102\" src=\"https:\/\/www.tos.si\/app\/uploads\/2025\/01\/logo-300x102.png\" alt=\"\" class=\"wp-image-9\" srcset=\"https:\/\/www.tos.si\/app\/uploads\/2025\/01\/logo-300x102.png 300w, https:\/\/www.tos.si\/app\/uploads\/2025\/01\/logo.png 500w\" sizes=\"auto, (max-width: 300px) 100vw, 300px\" \/><\/figure>\n<\/div>\n\n\n\n<div class=\"wp-block-column is-vertically-aligned-center is-layout-flow wp-container-core-column-is-layout-2 wp-block-column-is-layout-flow\" style=\"padding-bottom:var(--wp--preset--spacing--30)\">\n<p class=\"has-text-align-left has-medium-font-size\" style=\"font-style:normal;font-weight:400\">Odvetni\u0161ka pisarna To\u0161 &amp; partnerji, d. o. o., je specializirana za dav\u010dno, civilno, gospodarsko, izvr\u0161ilno in ste\u010dajno pravo ter varstvo intelektualne lastnine.<\/p>\n<\/div>\n<\/div>\n<\/div>\n\n\n\n<div class=\"wp-block-group alignfull has-global-padding is-layout-constrained wp-container-core-group-is-layout-10 wp-block-group-is-layout-constrained\" style=\"margin-top:0;margin-bottom:0;padding-top:var(--wp--preset--spacing--40);padding-right:15vw;padding-bottom:var(--wp--preset--spacing--40);padding-left:15vw\">\n<div class=\"wp-block-columns alignwide is-layout-flex wp-container-core-columns-is-layout-2 wp-block-columns-is-layout-flex\">\n<div class=\"wp-block-column is-vertically-aligned-top is-layout-flow wp-container-core-column-is-layout-3 wp-block-column-is-layout-flow\" style=\"padding-bottom:var(--wp--preset--spacing--30)\">\n<div class=\"wp-block-group has-global-padding is-layout-constrained wp-container-core-group-is-layout-2 wp-block-group-is-layout-constrained\" style=\"margin-bottom:var(--wp--preset--spacing--50);padding-bottom:0\">\n<h2 class=\"wp-block-heading has-text-align-left has-novel-sans-pro-font-family has-custom-1-font-size\" style=\"border-bottom-color:var(--wp--preset--color--contrast);border-bottom-width:1px;font-style:normal;font-weight:400;letter-spacing:4px;line-height:1.6;text-transform:none\">VREDNOSTI<\/h2>\n\n\n\n<p class=\"has-text-align-left has-medium-font-size\" style=\"font-style:normal;font-weight:300\">Odgovornost za delo je osnova za zaupanje in sodelovanje. Prepri\u010dani smo, da je popolna zavezanost na\u0161im nalogam trden temelj dobre prakse. Ob\u010dutljivi tako za dru\u017ebo kot za posameznika, vsak primer obravnavamo natan\u010dno in preudarno, z veliko znanja in zavidljivimi izku\u0161njami. Visoka kakovost na\u0161ih storitev je standard, ki ga \u017eelimo spo\u0161tovati.<\/p>\n<\/div>\n\n\n\n<div class=\"wp-block-group has-global-padding is-layout-constrained wp-container-core-group-is-layout-3 wp-block-group-is-layout-constrained\" style=\"margin-bottom:var(--wp--preset--spacing--50);padding-bottom:0\">\n<h2 class=\"wp-block-heading has-text-align-left has-novel-sans-pro-font-family has-custom-1-font-size\" style=\"border-bottom-color:var(--wp--preset--color--contrast);border-bottom-width:1px;font-style:normal;font-weight:400;letter-spacing:4px;line-height:1.6;text-transform:none\">VIZIJA<\/h2>\n\n\n\n<p class=\"has-text-align-left has-medium-font-size\" style=\"font-style:normal;font-weight:300\">Odvetni\u0161ka pisarna To\u0161 in partnerji d.o.o. bo v skladu s svojimi prepri\u010danji nadaljevala pot odgovornega in strokovnega dela. Neprecenljive izku\u0161nje in bogato znanje so \u0161e vedno temeljni gradniki podjetja, ki v kombinaciji z mladostno energijo prina\u0161ajo zavidljive rezultate. Na\u0161o strokovno ekipo sestavljajo vrhunski pravni strokovnjaki, ki si prizadevajo, da bi na\u0161a pisarna ostala v vrhu slovenskih pravnih praks.<\/p>\n<\/div>\n\n\n\n<div class=\"wp-block-group has-global-padding is-layout-constrained wp-container-core-group-is-layout-4 wp-block-group-is-layout-constrained\" style=\"margin-bottom:var(--wp--preset--spacing--50);padding-bottom:0\">\n<h2 class=\"wp-block-heading has-text-align-left has-novel-sans-pro-font-family has-custom-1-font-size\" style=\"border-bottom-color:var(--wp--preset--color--contrast);border-bottom-width:1px;font-style:normal;font-weight:400;letter-spacing:4px;line-height:1.6;text-transform:none\">KOMPETENCE<\/h2>\n\n\n\n<p class=\"has-text-align-left has-medium-font-size\" style=\"font-style:normal;font-weight:300\">Ustanovitelj odvetni\u0161ke pisarne Andrej To\u0161 ima licenco ste\u010dajnega upravitelja, kar potrjuje usposobljenost in verodostojnost podjetja. Strankam nudimo celovito pravno svetovanje, zastopanje pred sodi\u0161\u010dem in upravnimi organi. Strokovnost, u\u010dinkovitost in strokovna odgovornost so na\u0161a temeljna vodila pri delovanju podjetja.<\/p>\n<\/div>\n\n\n\n<div class=\"wp-block-group has-global-padding is-layout-constrained wp-container-core-group-is-layout-5 wp-block-group-is-layout-constrained\" style=\"margin-bottom:var(--wp--preset--spacing--50);padding-bottom:0\">\n<h2 class=\"wp-block-heading has-text-align-left has-novel-sans-pro-font-family has-custom-1-font-size\" style=\"border-bottom-color:var(--wp--preset--color--contrast);border-bottom-width:1px;font-style:normal;font-weight:400;letter-spacing:4px;line-height:1.6;text-transform:none\">SPECIALIZACIJA<\/h2>\n\n\n\n<p class=\"has-text-align-left has-medium-font-size\" style=\"font-style:normal;font-weight:300\">Odvetni\u0161ka pisarna To\u0161 in partnerji je specializirana za podro\u010dje civilnega in gospodarskega prava ter registrirana kot specialist dav\u010dnega prava po dolo\u010dbah Zakona o odvetni\u0161tvu.<\/p>\n<\/div>\n<\/div>\n\n\n\n<div class=\"wp-block-column is-vertically-aligned-top is-layout-flow wp-container-core-column-is-layout-4 wp-block-column-is-layout-flow\" style=\"padding-bottom:var(--wp--preset--spacing--30)\">\n<div class=\"wp-block-group has-global-padding is-layout-constrained wp-container-core-group-is-layout-6 wp-block-group-is-layout-constrained\" style=\"margin-bottom:var(--wp--preset--spacing--50);padding-bottom:0\">\n<h2 class=\"wp-block-heading has-text-align-left has-novel-sans-pro-font-family has-custom-1-font-size\" style=\"border-bottom-color:var(--wp--preset--color--contrast);border-bottom-width:1px;font-style:normal;font-weight:400;letter-spacing:4px;line-height:1.6;text-transform:none\">ZGODOVINA<\/h2>\n\n\n\n<p class=\"has-text-align-left has-medium-font-size\" style=\"font-style:normal;font-weight:300\">Odvetni\u0161ka pisarna To\u0161 in partnerji, d. o. o., je bila ustanovljena v za\u010detku leta 1989. Razvila se je iz samostojne odvetni\u0161ke prakse ustanovitelja Andreja To\u0161a, ki se je leta 2000 odlo\u010dil, da bo svoje strokovno znanje in izku\u0161nje dal na voljo strankam prek odvetni\u0161ke pisarne.<\/p>\n<\/div>\n\n\n\n<div class=\"wp-block-group has-global-padding is-layout-constrained wp-container-core-group-is-layout-7 wp-block-group-is-layout-constrained\" style=\"margin-bottom:var(--wp--preset--spacing--50);padding-bottom:0\">\n<h2 class=\"wp-block-heading has-text-align-left has-novel-sans-pro-font-family has-custom-1-font-size\" style=\"border-bottom-color:var(--wp--preset--color--contrast);border-bottom-width:1px;font-style:normal;font-weight:400;letter-spacing:4px;line-height:1.6;text-transform:none\">NENEHNO U\u010cENJE<br><\/h2>\n\n\n\n<p class=\"has-text-align-left has-medium-font-size\" style=\"font-style:normal;font-weight:300\">Odvetni\u0161ka pisarna To\u0161 &amp; Partnerji d.o.o. se \u0161e posebej zavzema za nenehno izpopolnjevanje znanja, saj svojim zaposlenim omogo\u010da redno strokovno usposabljanje in dodatno podiplomsko izobra\u017eevanje. Imamo bogato pravno knji\u017enico, ki jo redno dopolnjujemo, in v skladu z enim od glavnih na\u010del pisarne pozorno spremljamo aktualne lokalne in mednarodne dogodke. Pri svojem delu smo zavezani temeljnim vrednotam, ki nas vodijo po poti na\u0161e vizije.<\/p>\n<\/div>\n\n\n\n<div class=\"wp-block-group has-global-padding is-layout-constrained wp-container-core-group-is-layout-8 wp-block-group-is-layout-constrained\" style=\"margin-bottom:var(--wp--preset--spacing--50);padding-bottom:0\">\n<h2 class=\"wp-block-heading has-text-align-left has-novel-sans-pro-font-family has-custom-1-font-size\" style=\"border-bottom-color:var(--wp--preset--color--contrast);border-bottom-width:1px;font-style:normal;font-weight:400;letter-spacing:4px;line-height:1.6;text-transform:none\">NA\u010cELO<\/h2>\n\n\n\n<p><strong>Leges sine moribus vanae.\n<br\/>Pravo brez morale nima smisla.<br\/><\/strong><\/p>\n\n\n\n<p class=\"has-text-align-left has-medium-font-size\" style=\"font-style:normal;font-weight:300\">Horace<\/p>\n\n\n\n<p class=\"has-text-align-left has-medium-font-size\" style=\"font-style:normal;font-weight:300\"><\/p>\n<\/div>\n\n\n\n<div class=\"wp-block-group has-global-padding is-layout-constrained wp-container-core-group-is-layout-9 wp-block-group-is-layout-constrained\" style=\"margin-bottom:var(--wp--preset--spacing--50);padding-bottom:0\">\n<h2 class=\"wp-block-heading has-text-align-left has-novel-sans-pro-font-family has-custom-1-font-size\" style=\"font-style:normal;font-weight:400;letter-spacing:4px;line-height:1.6;text-transform:none\">SODELUJMO SKUPAJ<br><\/h2>\n\n\n\n<div class=\"wp-block-buttons has-custom-font-size has-medium-font-size is-content-justification-left is-layout-flex wp-container-core-buttons-is-layout-1 wp-block-buttons-is-layout-flex\">\n<div class=\"wp-block-button has-custom-font-size is-style-outline is-style-outline--1\" style=\"font-size:clamp(14px, 0.875rem + ((1vw - 3.2px) * 0.208), 16px);font-style:normal;font-weight:300\"><a class=\"wp-block-button__link has-base-color has-text-color has-link-color wp-element-button\" href=\"https:\/\/www.tos.si\/sl\/kontakt\/\" style=\"border-radius:12px;padding-top:8px;padding-right:24px;padding-bottom:8px;padding-left:24px\">Pi\u0161ite nam<\/a><\/div>\n<\/div>\n<\/div>\n<\/div>\n<\/div>\n<\/div>\n","protected":false},"excerpt":{"rendered":"<p>Odvetni\u0161ka pisarna To\u0161 &amp; partnerji, d. o. o., je specializirana za dav\u010dno, civilno, gospodarsko, izvr\u0161ilno in ste\u010dajno pravo ter varstvo intelektualne lastnine. VREDNOSTI Odgovornost za delo je osnova za zaupanje in sodelovanje. Prepri\u010dani smo, da je popolna zavezanost na\u0161im nalogam trden temelj dobre prakse. Ob\u010dutljivi tako za dru\u017ebo kot za posameznika, vsak primer obravnavamo natan\u010dno [&hellip;]<\/p>\n","protected":false},"author":1,"featured_media":0,"parent":0,"menu_order":0,"comment_status":"closed","ping_status":"closed","template":"","meta":{"footnotes":""},"class_list":["post-1576","page","type-page","status-publish","hentry"],"_links":{"self":[{"href":"https:\/\/www.tos.si\/sl\/wp-json\/wp\/v2\/pages\/1576","targetHints":{"allow":["GET"]}}],"collection":[{"href":"https:\/\/www.tos.si\/sl\/wp-json\/wp\/v2\/pages"}],"about":[{"href":"https:\/\/www.tos.si\/sl\/wp-json\/wp\/v2\/types\/page"}],"author":[{"embeddable":true,"href":"https:\/\/www.tos.si\/sl\/wp-json\/wp\/v2\/users\/1"}],"replies":[{"embeddable":true,"href":"https:\/\/www.tos.si\/sl\/wp-json\/wp\/v2\/comments?post=1576"}],"version-history":[{"count":10,"href":"https:\/\/www.tos.si\/sl\/wp-json\/wp\/v2\/pages\/1576\/revisions"}],"predecessor-version":[{"id":1752,"href":"https:\/\/www.tos.si\/sl\/wp-json\/wp\/v2\/pages\/1576\/revisions\/1752"}],"wp:attachment":[{"href":"https:\/\/www.tos.si\/sl\/wp-json\/wp\/v2\/media?parent=1576"}],"curies":[{"name":"wp","href":"https:\/\/api.w.org\/{rel}","templated":true}]}}